{"id":1197,"date":"2025-01-26T16:16:19","date_gmt":"2025-01-26T16:16:19","guid":{"rendered":"https:\/\/www.zenaresort.com.tr\/?page_id=1197"},"modified":"2025-03-11T13:58:57","modified_gmt":"2025-03-11T10:58:57","slug":"health-safety","status":"publish","type":"page","link":"https:\/\/www.zenaresort.com.tr\/de\/health-safety\/","title":{"rendered":"Health &amp; Safety"},"content":{"rendered":"<p>[et_pb_section fb_built=&#8220;1&#8243; custom_padding_last_edited=&#8220;on|desktop&#8220; _builder_version=&#8220;4.27.4&#8243; _module_preset=&#8220;default&#8220; use_background_color_gradient=&#8220;on&#8220; background_color_gradient_stops=&#8220;rgba(0,0,0,0.69) 0%|rgba(255,255,255,0) 51%&#8220; background_color_gradient_overlays_image=&#8220;on&#8220; background_image=&#8220;https:\/\/www.zenaresort.com.tr\/de\/wp-content\/uploads\/sites\/10\/2025\/03\/DSCF0294.jpg&#8220; background_enable_video_mp4=&#8220;off&#8220; height=&#8220;100vh&#8220; height_tablet=&#8220;55vh&#8220; height_phone=&#8220;50vh&#8220; height_last_edited=&#8220;on|phone&#8220; custom_margin=&#8220;0px||0px||true|false&#8220; custom_margin_tablet=&#8220;0px||0px||true|false&#8220; custom_margin_phone=&#8220;0px||0px||true|false&#8220; custom_margin_last_edited=&#8220;on|desktop&#8220; custom_padding=&#8220;0px||0px||true|false&#8220; custom_padding_tablet=&#8220;0px||0px||true|false&#8220; custom_padding_phone=&#8220;0px||0px||true|false&#8220; da_disable_devices=&#8220;off|off|off&#8220; global_colors_info=&#8220;{}&#8220; theme_builder_area=&#8220;post_content&#8220; da_is_popup=&#8220;off&#8220; da_exit_intent=&#8220;off&#8220; da_has_close=&#8220;on&#8220; da_alt_close=&#8220;off&#8220; da_dark_close=&#8220;off&#8220; da_not_modal=&#8220;on&#8220; da_is_singular=&#8220;off&#8220; da_with_loader=&#8220;off&#8220; da_has_shadow=&#8220;on&#8220;][et_pb_row custom_padding_last_edited=&#8220;on|desktop&#8220; _builder_version=&#8220;4.27.4&#8243; _module_preset=&#8220;default&#8220; custom_padding=&#8220;45vh||||false|false&#8220; custom_padding_tablet=&#8220;30vh||||false|false&#8220; custom_padding_phone=&#8220;25vh||||false|false&#8220; global_colors_info=&#8220;{}&#8220; theme_builder_area=&#8220;post_content&#8220;][et_pb_column type=&#8220;4_4&#8243; _builder_version=&#8220;4.27.4&#8243; _module_preset=&#8220;default&#8220; global_colors_info=&#8220;{}&#8220; theme_builder_area=&#8220;post_content&#8220;][et_pb_heading title=&#8220;GESUNDHEIT, HYGIENE UND SICHERHEIT&#8220; _builder_version=&#8220;4.27.4&#8243; _module_preset=&#8220;default&#8220; title_font=&#8220;Poppins||||||||&#8220; title_text_align=&#8220;center&#8220; title_text_color=&#8220;#FFFFFF&#8220; title_font_size=&#8220;50px&#8220; animation_style=&#8220;fold&#8220; animation_direction=&#8220;top&#8220; scroll_vertical_motion=&#8220;0|50|50|100|-0.5|0|0.5&#8243; hover_enabled=&#8220;0&#8243; title_font_size_tablet=&#8220;40px&#8220; title_font_size_phone=&#8220;30px&#8220; title_font_size_last_edited=&#8220;on|desktop&#8220; global_colors_info=&#8220;{}&#8220; theme_builder_area=&#8220;post_content&#8220; sticky_enabled=&#8220;0&#8243;][\/et_pb_heading][\/et_pb_column][\/et_pb_row][\/et_pb_section][et_pb_section fb_built=&#8220;1&#8243; custom_padding_last_edited=&#8220;on|phone&#8220; _builder_version=&#8220;4.27.4&#8243; _module_preset=&#8220;default&#8220; background_color=&#8220;#f2f2f2&#8243; custom_padding_tablet=&#8220;&#8220; custom_padding_phone=&#8220;||30px||false|false&#8220; da_disable_devices=&#8220;off|off|off&#8220; global_colors_info=&#8220;{}&#8220; theme_builder_area=&#8220;post_content&#8220; da_is_popup=&#8220;off&#8220; da_exit_intent=&#8220;off&#8220; da_has_close=&#8220;on&#8220; da_alt_close=&#8220;off&#8220; da_dark_close=&#8220;off&#8220; da_not_modal=&#8220;on&#8220; da_is_singular=&#8220;off&#8220; da_with_loader=&#8220;off&#8220; da_has_shadow=&#8220;on&#8220;][et_pb_row custom_padding_last_edited=&#8220;on|desktop&#8220; _builder_version=&#8220;4.27.4&#8243; _module_preset=&#8220;default&#8220; custom_padding_tablet=&#8220;0px||0px||false|false&#8220; custom_padding_phone=&#8220;10px||10px||true|false&#8220; global_colors_info=&#8220;{}&#8220; theme_builder_area=&#8220;post_content&#8220;][et_pb_column type=&#8220;4_4&#8243; _builder_version=&#8220;4.27.4&#8243; _module_preset=&#8220;default&#8220; global_colors_info=&#8220;{}&#8220; theme_builder_area=&#8220;post_content&#8220;][et_pb_image src=&#8220;https:\/\/www.zenaresort.com.tr\/de\/wp-content\/uploads\/sites\/10\/2025\/03\/health.webp&#8220; align=&#8220;center&#8220; _builder_version=&#8220;4.27.4&#8243; _module_preset=&#8220;default&#8220; transform_translate_linked=&#8220;off&#8220; width=&#8220;6%&#8220; width_tablet=&#8220;10%&#8220; width_phone=&#8220;20%&#8220; width_last_edited=&#8220;on|phone&#8220; custom_margin=&#8220;||1px|||&#8220; locked=&#8220;off&#8220; global_colors_info=&#8220;{}&#8220; transform_styles__hover_enabled=&#8220;on|desktop&#8220; transform_scale__hover_enabled=&#8220;on|desktop&#8220; transform_translate__hover_enabled=&#8220;on|desktop&#8220; transform_rotate__hover_enabled=&#8220;on|desktop&#8220; transform_skew__hover_enabled=&#8220;on|desktop&#8220; transform_origin__hover_enabled=&#8220;on|desktop&#8220; transform_translate__hover=&#8220;0px|-5px&#8220; theme_builder_area=&#8220;post_content&#8220;][\/et_pb_image][et_pb_text _builder_version=&#8220;4.27.4&#8243; _module_preset=&#8220;default&#8220; text_font=&#8220;Poppins||||||||&#8220; text_text_color=&#8220;#008294&#8243; text_letter_spacing=&#8220;4px&#8220; custom_margin=&#8220;||25px||false|false&#8220; custom_padding=&#8220;|100px||100px|false|true&#8220; custom_padding_tablet=&#8220;|100px||100px|false|true&#8220; custom_padding_phone=&#8220;|5px||5px|false|true&#8220; custom_padding_last_edited=&#8220;on|phone&#8220; hover_enabled=&#8220;0&#8243; global_colors_info=&#8220;{}&#8220; theme_builder_area=&#8220;post_content&#8220; sticky_enabled=&#8220;0&#8243;]<\/p>\n<p class=\"p1\" style=\"text-align: center;\">GESUNDHEIT, HYGIENE UND SICHERHEIT<\/p>\n<p>[\/et_pb_text][et_pb_heading title=&#8220;Sicherer Urlaub mit regelm\u00e4\u00dfigen Inspektionen&#8220; _builder_version=&#8220;4.27.4&#8243; _module_preset=&#8220;default&#8220; title_font=&#8220;Poppins||||||||&#8220; title_text_align=&#8220;center&#8220; title_font_size=&#8220;35px&#8220; custom_margin=&#8220;||7px|||&#8220; hover_enabled=&#8220;0&#8243; title_text_align_tablet=&#8220;center&#8220; title_text_align_phone=&#8220;center&#8220; title_text_align_last_edited=&#8220;on|phone&#8220; title_font_size_tablet=&#8220;35px&#8220; title_font_size_phone=&#8220;30px&#8220; title_font_size_last_edited=&#8220;on|desktop&#8220; global_colors_info=&#8220;{}&#8220; theme_builder_area=&#8220;post_content&#8220; sticky_enabled=&#8220;0&#8243;][\/et_pb_heading][et_pb_text _builder_version=&#8220;4.27.4&#8243; _module_preset=&#8220;default&#8220; custom_margin=&#8220;||0px||false|false&#8220; custom_padding=&#8220;|100px|0px|100px|false|true&#8220; custom_padding_tablet=&#8220;|0px||0px|false|true&#8220; custom_padding_phone=&#8220;|2px||2px|false|true&#8220; custom_padding_last_edited=&#8220;on|phone&#8220; hover_enabled=&#8220;0&#8243; global_colors_info=&#8220;{}&#8220; theme_builder_area=&#8220;post_content&#8220; sticky_enabled=&#8220;0&#8243;]<\/p>\n<p class=\"p1\" style=\"text-align: center;\">Im Zena Resort Hotel werden Sie unser Engagement f\u00fcr Hygiene und Gesundheit in jedem Moment sp\u00fcren. Umfassende Inspektionen werden t\u00e4glich, w\u00f6chentlich und monatlich in unserem Hotel durchgef\u00fchrt.<\/p>\n<p>[\/et_pb_text][\/et_pb_column][\/et_pb_row][et_pb_row column_structure=&#8220;1_3,1_3,1_3&#8243; custom_padding_last_edited=&#8220;on|tablet&#8220; _builder_version=&#8220;4.27.4&#8243; _module_preset=&#8220;default&#8220; custom_padding_tablet=&#8220;||0px||false|false&#8220; custom_padding_phone=&#8220;||0px||false|false&#8220; global_colors_info=&#8220;{}&#8220; theme_builder_area=&#8220;post_content&#8220;][et_pb_column type=&#8220;1_3&#8243; _builder_version=&#8220;4.27.4&#8243; _module_preset=&#8220;default&#8220; global_colors_info=&#8220;{}&#8220; theme_builder_area=&#8220;post_content&#8220;][et_pb_divider color=&#8220;#dddddd&#8220; disabled_on=&#8220;off|off|on&#8220; _builder_version=&#8220;4.27.4&#8243; _module_preset=&#8220;default&#8220; custom_margin_tablet=&#8220;||5px||false|false&#8220; custom_margin_phone=&#8220;||5px||false|false&#8220; custom_margin_last_edited=&#8220;on|tablet&#8220; custom_padding_tablet=&#8220;||0px||false|false&#8220; custom_padding_phone=&#8220;0px||0px||true|false&#8220; custom_padding_last_edited=&#8220;on|phone&#8220; global_colors_info=&#8220;{}&#8220; theme_builder_area=&#8220;post_content&#8220;][\/et_pb_divider][et_pb_text content_tablet=&#8220;<\/p>\n<p class=%22p1%22><b>High-Level Safety in Pool Water:<br \/><\/b><b><\/b>The water quality of our pools is regularly tested to ensure compliance with both health and cleanliness standards.<\/p>\n<p>&#8220; content_phone=&#8220;<\/p>\n<p class=%22p1%22><b>High-Level Safety in Pool Water:<br \/><\/b><b><\/b>The water quality of our pools is regularly tested to ensure compliance with both health and cleanliness standards.<\/p>\n<p>&#8220; content_last_edited=&#8220;off|desktop&#8220; _builder_version=&#8220;4.27.4&#8243; _module_preset=&#8220;default&#8220; hover_enabled=&#8220;0&#8243; global_colors_info=&#8220;{}&#8220; theme_builder_area=&#8220;post_content&#8220; sticky_enabled=&#8220;0&#8243;]<\/p>\n<p class=\"p1\"><strong>Hohe Sicherheit im Poolwasser:<\/strong><br \/>Die Wasserqualit\u00e4t unserer Pools wird regelm\u00e4\u00dfig getestet, um sicherzustellen, dass sowohl die Gesundheits- als auch die Sauberkeitsstandards eingehalten werden.<\/p>\n<p>[\/et_pb_text][\/et_pb_column][et_pb_column type=&#8220;1_3&#8243; _builder_version=&#8220;4.27.4&#8243; _module_preset=&#8220;default&#8220; global_colors_info=&#8220;{}&#8220; theme_builder_area=&#8220;post_content&#8220;][et_pb_text content_last_edited=&#8220;off|desktop&#8220; _builder_version=&#8220;4.27.4&#8243; _module_preset=&#8220;default&#8220; hover_enabled=&#8220;0&#8243; global_colors_info=&#8220;{}&#8220; theme_builder_area=&#8220;post_content&#8220; sticky_enabled=&#8220;0&#8243;]<\/p>\n<p class=\"p1\"><strong>Strenge Aufsicht in der K\u00fcche:<\/strong><br \/>Unsere Mahlzeiten werden gem\u00e4\u00df den Hygieneverordnungen zubereitet und unterliegen regelm\u00e4\u00dfigen Inspektionen, um sicherzustellen, dass sie jederzeit frisch und sicher bleiben.<\/p>\n<p>[\/et_pb_text][\/et_pb_column][et_pb_column type=&#8220;1_3&#8243; _builder_version=&#8220;4.27.4&#8243; _module_preset=&#8220;default&#8220; global_colors_info=&#8220;{}&#8220; theme_builder_area=&#8220;post_content&#8220;][et_pb_text content_tablet=&#8220;<\/p>\n<p class=%22p1%22><b>Maximum Hygiene in Your Rooms:<br \/><\/b>Our accommodation areas are meticulously cleaned, with every detail considered for your health and well-being.<\/p>\n<p>&#8220; content_phone=&#8220;<\/p>\n<p class=%22p1%22><b>Maximum Hygiene in Your Rooms:<br \/><\/b>Our accommodation areas are meticulously cleaned, with every detail considered for your health and well-being.<\/p>\n<p>&#8220; content_last_edited=&#8220;off|desktop&#8220; _builder_version=&#8220;4.27.4&#8243; _module_preset=&#8220;default&#8220; hover_enabled=&#8220;0&#8243; global_colors_info=&#8220;{}&#8220; theme_builder_area=&#8220;post_content&#8220; sticky_enabled=&#8220;0&#8243;]<\/p>\n<p class=\"p1\"><strong>Maximale Hygiene in Ihren Zimmern:<\/strong><br \/>Unsere Unterk\u00fcnfte werden sorgf\u00e4ltig gereinigt, wobei jedes Detail auf Ihre Gesundheit und Ihr Wohlbefinden abgestimmt ist.<\/p>\n<p>[\/et_pb_text][\/et_pb_column][\/et_pb_row][\/et_pb_section][et_pb_section fb_built=&#8220;1&#8243; custom_padding_last_edited=&#8220;on|tablet&#8220; _builder_version=&#8220;4.27.4&#8243; _module_preset=&#8220;default&#8220; custom_padding_tablet=&#8220;&#8220; custom_padding_phone=&#8220;20px||0px||false|false&#8220; da_disable_devices=&#8220;off|off|off&#8220; global_colors_info=&#8220;{}&#8220; theme_builder_area=&#8220;post_content&#8220; da_is_popup=&#8220;off&#8220; da_exit_intent=&#8220;off&#8220; da_has_close=&#8220;on&#8220; da_alt_close=&#8220;off&#8220; da_dark_close=&#8220;off&#8220; da_not_modal=&#8220;on&#8220; da_is_singular=&#8220;off&#8220; da_with_loader=&#8220;off&#8220; da_has_shadow=&#8220;on&#8220;][et_pb_row column_structure=&#8220;1_3,1_3,1_3&#8243; use_custom_gutter=&#8220;on&#8220; gutter_width=&#8220;2&#8243; make_equal=&#8220;on&#8220; custom_padding_last_edited=&#8220;on|phone&#8220; _builder_version=&#8220;4.27.4&#8243; _module_preset=&#8220;default&#8220; width=&#8220;90%&#8220; max_width=&#8220;none&#8220; max_width_tablet=&#8220;1779px&#8220; max_width_phone=&#8220;1779px&#8220; max_width_last_edited=&#8220;on|desktop&#8220; custom_padding_tablet=&#8220;0px||0px||true|false&#8220; custom_padding_phone=&#8220;||20px||false|false&#8220; global_colors_info=&#8220;{}&#8220; theme_builder_area=&#8220;post_content&#8220;][et_pb_column type=&#8220;1_3&#8243; _builder_version=&#8220;4.27.3&#8243; _module_preset=&#8220;default&#8220; global_colors_info=&#8220;{}&#8220; theme_builder_area=&#8220;post_content&#8220;][et_pb_image src=&#8220;https:\/\/www.zenaresort.com.tr\/de\/wp-content\/uploads\/sites\/10\/2025\/03\/DSCF0300.jpg&#8220; _builder_version=&#8220;4.27.4&#8243; _module_preset=&#8220;default&#8220; transform_translate_linked__hover=&#8220;off&#8220; global_colors_info=&#8220;{}&#8220; transform_styles__hover_enabled=&#8220;on|hover&#8220; transform_scale__hover_enabled=&#8220;on|desktop&#8220; transform_translate__hover_enabled=&#8220;on|hover&#8220; transform_rotate__hover_enabled=&#8220;on|desktop&#8220; transform_skew__hover_enabled=&#8220;on|desktop&#8220; transform_origin__hover_enabled=&#8220;on|desktop&#8220; transform_translate__hover=&#8220;0px|-5px&#8220; theme_builder_area=&#8220;post_content&#8220;][\/et_pb_image][\/et_pb_column][et_pb_column type=&#8220;1_3&#8243; _builder_version=&#8220;4.27.3&#8243; _module_preset=&#8220;default&#8220; global_colors_info=&#8220;{}&#8220; theme_builder_area=&#8220;post_content&#8220;][et_pb_image src=&#8220;https:\/\/www.zenaresort.com.tr\/de\/wp-content\/uploads\/sites\/10\/2025\/03\/DSCF0308.jpg&#8220; title_text=&#8220;DSC00003&#8243; _builder_version=&#8220;4.27.4&#8243; _module_preset=&#8220;default&#8220; transform_translate_linked__hover=&#8220;off&#8220; global_colors_info=&#8220;{}&#8220; transform_styles__hover_enabled=&#8220;on|hover&#8220; transform_scale__hover_enabled=&#8220;on|desktop&#8220; transform_translate__hover_enabled=&#8220;on|hover&#8220; transform_rotate__hover_enabled=&#8220;on|desktop&#8220; transform_skew__hover_enabled=&#8220;on|desktop&#8220; transform_origin__hover_enabled=&#8220;on|desktop&#8220; transform_translate__hover=&#8220;0px|-5px&#8220; theme_builder_area=&#8220;post_content&#8220;][\/et_pb_image][\/et_pb_column][et_pb_column type=&#8220;1_3&#8243; _builder_version=&#8220;4.27.3&#8243; _module_preset=&#8220;default&#8220; global_colors_info=&#8220;{}&#8220; theme_builder_area=&#8220;post_content&#8220;][et_pb_image src=&#8220;https:\/\/www.zenaresort.com.tr\/de\/wp-content\/uploads\/sites\/10\/2025\/03\/DSCF0295.jpg&#8220; _builder_version=&#8220;4.27.4&#8243; _module_preset=&#8220;default&#8220; transform_translate_linked__hover=&#8220;off&#8220; global_colors_info=&#8220;{}&#8220; transform_styles__hover_enabled=&#8220;on|hover&#8220; transform_scale__hover_enabled=&#8220;on|desktop&#8220; transform_translate__hover_enabled=&#8220;on|hover&#8220; transform_rotate__hover_enabled=&#8220;on|desktop&#8220; transform_skew__hover_enabled=&#8220;on|desktop&#8220; transform_origin__hover_enabled=&#8220;on|desktop&#8220; transform_translate__hover=&#8220;0px|-5px&#8220; theme_builder_area=&#8220;post_content&#8220;][\/et_pb_image][\/et_pb_column][\/et_pb_row][\/et_pb_section][et_pb_section fb_built=&#8220;1&#8243; custom_padding_last_edited=&#8220;on|desktop&#8220; _builder_version=&#8220;4.27.4&#8243; _module_preset=&#8220;default&#8220; background_color=&#8220;#eaeaea&#8220; custom_padding=&#8220;15px||15px||true|false&#8220; custom_padding_tablet=&#8220;15px||||false|false&#8220; custom_padding_phone=&#8220;0px||||false|false&#8220; da_disable_devices=&#8220;off|off|off&#8220; global_colors_info=&#8220;{}&#8220; theme_builder_area=&#8220;post_content&#8220; da_is_popup=&#8220;off&#8220; da_exit_intent=&#8220;off&#8220; da_has_close=&#8220;on&#8220; da_alt_close=&#8220;off&#8220; da_dark_close=&#8220;off&#8220; da_not_modal=&#8220;on&#8220; da_is_singular=&#8220;off&#8220; da_with_loader=&#8220;off&#8220; da_has_shadow=&#8220;on&#8220;][et_pb_row custom_padding_last_edited=&#8220;on|phone&#8220; _builder_version=&#8220;4.27.4&#8243; _module_preset=&#8220;default&#8220; width=&#8220;95%&#8220; max_width=&#8220;1779px&#8220; max_width_tablet=&#8220;1779px&#8220; max_width_phone=&#8220;1779px&#8220; max_width_last_edited=&#8220;on|desktop&#8220; custom_padding_tablet=&#8220;0px||0px||true|false&#8220; custom_padding_phone=&#8220;10px||||false|false&#8220; global_colors_info=&#8220;{}&#8220; theme_builder_area=&#8220;post_content&#8220;][et_pb_column type=&#8220;4_4&#8243; _builder_version=&#8220;4.27.3&#8243; _module_preset=&#8220;default&#8220; global_colors_info=&#8220;{}&#8220; theme_builder_area=&#8220;post_content&#8220;][wdcl_image_carousel slide_count=&#8220;2&#8243; custom_cursor=&#8220;on&#8220; arrow_height=&#8220;34px&#8220; arrow_width=&#8220;34px&#8220; arrow_icon_size=&#8220;23px&#8220; arrow_color=&#8220;#008294&#8243; arrow_bg=&#8220;#FFFFFF&#8220; arrow_pos_x=&#8220;27px&#8220; nav_pagi_tablet=&#8220;&#8220; nav_pagi_phone=&#8220;pagi&#8220; nav_pagi_last_edited=&#8220;on|phone&#8220; slide_count_tablet=&#8220;2&#8243; slide_count_phone=&#8220;1&#8243; slide_count_last_edited=&#8220;on|phone&#8220; arrow_pos_y_tablet=&#8220;43%&#8220; arrow_pos_y_phone=&#8220;28%&#8220; arrow_pos_y_last_edited=&#8220;on|phone&#8220; arrow_pos_x_tablet=&#8220;27px&#8220; arrow_pos_x_phone=&#8220;12px&#8220; arrow_pos_x_last_edited=&#8220;on|phone&#8220; _builder_version=&#8220;4.27.4&#8243; _module_preset=&#8220;default&#8220; background_enable_color=&#8220;off&#8220; global_colors_info=&#8220;{}&#8220; theme_builder_area=&#8220;post_content&#8220;][wdcl_image_carousel_child photo=&#8220;https:\/\/www.zenaresort.com.tr\/wp-content\/uploads\/2025\/02\/DSCF0310.jpg&#8220; content_width=&#8220;75%&#8220; content_type=&#8220;normal&#8220; content_padding=&#8220;38px|15px|38px|15px|true|true&#8220; content_bg_color_gradient_overlays_image=&#8220;on&#8220; overlay_icon_color=&#8220;#FFFFFF&#8220; _builder_version=&#8220;4.27.4&#8243; title_font=&#8220;Lexend||||||||&#8220; title_text_color=&#8220;#dbb649&#8243; subtitle_font=&#8220;Lexend|300|||||||&#8220; subtitle_text_color=&#8220;#919191&#8243; background_enable_image=&#8220;off&#8220; border_width_bottom_item=&#8220;0px&#8220; global_colors_info=&#8220;{}&#8220; overlay_bg_color__hover_enabled=&#8220;off|desktop&#8220; overlay_bg_enable_color__hover=&#8220;off&#8220; overlay_bg_use_color_gradient__hover=&#8220;off&#8220; overlay_bg_color_gradient_overlays_image__hover=&#8220;on&#8220; theme_builder_area=&#8220;post_content&#8220;][\/wdcl_image_carousel_child][wdcl_image_carousel_child photo=&#8220;https:\/\/www.zenaresort.com.tr\/wp-content\/uploads\/2025\/02\/DSCF0325.jpg&#8220; content_width=&#8220;75%&#8220; content_type=&#8220;normal&#8220; content_padding=&#8220;38px|15px|38px|15px|true|true&#8220; content_bg_color_gradient_overlays_image=&#8220;on&#8220; overlay_icon_color=&#8220;#FFFFFF&#8220; _builder_version=&#8220;4.27.4&#8243; title_font=&#8220;Lexend||||||||&#8220; title_text_color=&#8220;#dbb649&#8243; subtitle_font=&#8220;Lexend|300|||||||&#8220; subtitle_text_color=&#8220;#919191&#8243; background_enable_image=&#8220;off&#8220; border_width_bottom_item=&#8220;0px&#8220; global_colors_info=&#8220;{}&#8220; overlay_bg_color__hover_enabled=&#8220;off|desktop&#8220; overlay_bg_enable_color__hover=&#8220;off&#8220; overlay_bg_use_color_gradient__hover=&#8220;off&#8220; overlay_bg_color_gradient_overlays_image__hover=&#8220;on&#8220; theme_builder_area=&#8220;post_content&#8220;][\/wdcl_image_carousel_child][\/wdcl_image_carousel][\/et_pb_column][\/et_pb_row][\/et_pb_section]<\/p>\n","protected":false},"excerpt":{"rendered":"<p>GESUNDHEIT, HYGIENE UND SICHERHEITIm Zena Resort Hotel werden Sie unser Engagement f\u00fcr Hygiene und Gesundheit in jedem Moment sp\u00fcren. Umfassende Inspektionen werden t\u00e4glich, w\u00f6chentlich und monatlich in unserem Hotel durchgef\u00fchrt.Hohe Sicherheit im Poolwasser:Die Wasserqualit\u00e4t unserer Pools wird regelm\u00e4\u00dfig getestet, um sicherzustellen, dass sowohl die Gesundheits- als auch die Sauberkeitsstandards eingehalten werden.Strenge Aufsicht in der K\u00fcche:Unsere [&hellip;]<\/p>\n","protected":false},"author":3,"featured_media":0,"parent":0,"menu_order":0,"comment_status":"closed","ping_status":"closed","template":"","meta":{"_et_pb_use_builder":"on","_et_pb_old_content":"","_et_gb_content_width":"","footnotes":""},"class_list":["post-1197","page","type-page","status-publish","hentry"],"_links":{"self":[{"href":"https:\/\/www.zenaresort.com.tr\/de\/wp-json\/wp\/v2\/pages\/1197","targetHints":{"allow":["GET"]}}],"collection":[{"href":"https:\/\/www.zenaresort.com.tr\/de\/wp-json\/wp\/v2\/pages"}],"about":[{"href":"https:\/\/www.zenaresort.com.tr\/de\/wp-json\/wp\/v2\/types\/page"}],"author":[{"embeddable":true,"href":"https:\/\/www.zenaresort.com.tr\/de\/wp-json\/wp\/v2\/users\/3"}],"replies":[{"embeddable":true,"href":"https:\/\/www.zenaresort.com.tr\/de\/wp-json\/wp\/v2\/comments?post=1197"}],"version-history":[{"count":1,"href":"https:\/\/www.zenaresort.com.tr\/de\/wp-json\/wp\/v2\/pages\/1197\/revisions"}],"predecessor-version":[{"id":2974,"href":"https:\/\/www.zenaresort.com.tr\/de\/wp-json\/wp\/v2\/pages\/1197\/revisions\/2974"}],"wp:attachment":[{"href":"https:\/\/www.zenaresort.com.tr\/de\/wp-json\/wp\/v2\/media?parent=1197"}],"curies":[{"name":"wp","href":"https:\/\/api.w.org\/{rel}","templated":true}]}}