{"id":901,"date":"2025-01-09T13:04:27","date_gmt":"2025-01-09T13:04:27","guid":{"rendered":"https:\/\/www.zenaresort.com.tr\/?page_id=901"},"modified":"2025-03-12T09:47:53","modified_gmt":"2025-03-12T06:47:53","slug":"camera-information-notice","status":"publish","type":"page","link":"https:\/\/www.zenaresort.com.tr\/de\/camera-information-notice\/","title":{"rendered":"Camera Information Notice"},"content":{"rendered":"<p>[et_pb_section fb_built=&#8220;1&#8243; custom_padding_last_edited=&#8220;on|desktop&#8220; _builder_version=&#8220;4.27.4&#8243; _module_preset=&#8220;default&#8220; use_background_color_gradient=&#8220;on&#8220; background_color_gradient_stops=&#8220;rgba(0,0,0,0.69) 0%|rgba(255,255,255,0) 51%&#8220; background_color_gradient_overlays_image=&#8220;on&#8220; background_image=&#8220;https:\/\/www.zenaresort.com.tr\/wp-content\/uploads\/2025\/02\/side-2.webp&#8220; background_enable_video_mp4=&#8220;off&#8220; height=&#8220;40vh&#8220; height_tablet=&#8220;30vh&#8220; height_phone=&#8220;20vh&#8220; height_last_edited=&#8220;on|tablet&#8220; custom_margin=&#8220;0px||0px||true|false&#8220; custom_margin_tablet=&#8220;0px||0px||true|false&#8220; custom_margin_phone=&#8220;0px||0px||true|false&#8220; custom_margin_last_edited=&#8220;on|phone&#8220; custom_padding=&#8220;0px||0px||true|false&#8220; custom_padding_tablet=&#8220;0px||0px||true|false&#8220; custom_padding_phone=&#8220;0px||0px||true|false&#8220; da_disable_devices=&#8220;off|off|off&#8220; global_colors_info=&#8220;{}&#8220; da_is_popup=&#8220;off&#8220; da_exit_intent=&#8220;off&#8220; da_has_close=&#8220;on&#8220; da_alt_close=&#8220;off&#8220; da_dark_close=&#8220;off&#8220; da_not_modal=&#8220;on&#8220; da_is_singular=&#8220;off&#8220; da_with_loader=&#8220;off&#8220; da_has_shadow=&#8220;on&#8220;][\/et_pb_section][et_pb_section fb_built=&#8220;1&#8243; _builder_version=&#8220;4.27.4&#8243; _module_preset=&#8220;default&#8220; background_color=&#8220;#f2f2f2&#8243; da_disable_devices=&#8220;off|off|off&#8220; global_colors_info=&#8220;{}&#8220; da_is_popup=&#8220;off&#8220; da_exit_intent=&#8220;off&#8220; da_has_close=&#8220;on&#8220; da_alt_close=&#8220;off&#8220; da_dark_close=&#8220;off&#8220; da_not_modal=&#8220;on&#8220; da_is_singular=&#8220;off&#8220; da_with_loader=&#8220;off&#8220; da_has_shadow=&#8220;on&#8220;][et_pb_row custom_padding_last_edited=&#8220;on|tablet&#8220; _builder_version=&#8220;4.27.4&#8243; _module_preset=&#8220;default&#8220; width_tablet=&#8220;&#8220; width_phone=&#8220;85%&#8220; width_last_edited=&#8220;on|phone&#8220; max_width_tablet=&#8220;&#8220; max_width_phone=&#8220;&#8220; max_width_last_edited=&#8220;on|phone&#8220; custom_padding_tablet=&#8220;&#8220; custom_padding_phone=&#8220;0px||0px||true|false&#8220; global_colors_info=&#8220;{}&#8220;][et_pb_column type=&#8220;4_4&#8243; _builder_version=&#8220;4.27.4&#8243; _module_preset=&#8220;default&#8220; global_colors_info=&#8220;{}&#8220;][et_pb_heading title=&#8220;Kamerainformationsbenachrichtigung&#8220; _builder_version=&#8220;4.27.4&#8243; _module_preset=&#8220;default&#8220; title_font=&#8220;Marcellus||||||||&#8220; title_text_align=&#8220;left&#8220; title_font_size=&#8220;35px&#8220; hover_enabled=&#8220;0&#8243; title_font_size_tablet=&#8220;35px&#8220; title_font_size_phone=&#8220;30px&#8220; title_font_size_last_edited=&#8220;on|desktop&#8220; locked=&#8220;off&#8220; global_colors_info=&#8220;{}&#8220; sticky_enabled=&#8220;0&#8243;][\/et_pb_heading][et_pb_text _builder_version=&#8220;4.27.4&#8243; _module_preset=&#8220;default&#8220; hover_enabled=&#8220;0&#8243; global_colors_info=&#8220;{}&#8220; sticky_enabled=&#8220;0&#8243;]<\/p>\n<p class=\"p1\"><strong>Seed Tourism und Hotel Services Inc. Beleuchtungstext bez\u00fcglich der Sicherheitskameras im Servicebereich<\/strong><\/p>\n<p class=\"p1\">Dieser Beleuchtungstext wurde von Seed Tourism und Hotel Services Inc., als Datenverantwortlicher, gem\u00e4\u00df Artikel 10 des Gesetzes \u00fcber den Schutz personenbezogener Daten Nr. 6698 und der Verordnung \u00fcber die Verfahren und Grunds\u00e4tze zur Erf\u00fcllung der Beleuchtungspflicht erstellt.<\/p>\n<p class=\"p1\">In verschiedenen Bereichen des Servicebereichs, einschlie\u00dflich der Au\u00dfenfassade, der Korridorbereiche, des Parkplatzes, des Restaurantbereichs, der Strandbereiche, des technischen Servicebereichs, des Lagers, der Gartenbereiche, der Zimmer, vor den Besprechungsr\u00e4umen und im Kamerasystemraum, sind insgesamt 71 Sicherheitskameras installiert. Der Zweck dieser Kameras besteht darin, die Sicherheit des Servicebereichs durch die Aufzeichnung von Bildern zu gew\u00e4hrleisten, und der Aufnahmeprozess wird von den Verwaltungs- und IT-Abteilungen \u00fcberwacht.<\/p>\n<p class=\"p1\">Antr\u00e4ge gem\u00e4\u00df Artikel 11 des Gesetzes, das die Rechte der betroffenen Person regelt, k\u00f6nnen schriftlich an Seed Tourism und Hotel Services Inc. unter der Adresse Vatan Caddesi \u00c7amyuva Mahallesi No:3 \u00c7amyuva Kemer\/Antalya oder per E-Mail an kvkk@zenaresort.com.tr gem\u00e4\u00df der \u201eVerordnung \u00fcber die Verfahren und Grunds\u00e4tze f\u00fcr Antr\u00e4ge an den Datenverantwortlichen\u201c gesendet werden.<\/p>\n<p>[\/et_pb_text][\/et_pb_column][\/et_pb_row][\/et_pb_section]<\/p>\n","protected":false},"excerpt":{"rendered":"<p>Seed Tourism und Hotel Services Inc. Beleuchtungstext bez\u00fcglich der Sicherheitskameras im Servicebereich Dieser Beleuchtungstext wurde von Seed Tourism und Hotel Services Inc., als Datenverantwortlicher, gem\u00e4\u00df Artikel 10 des Gesetzes \u00fcber den Schutz personenbezogener Daten Nr. 6698 und der Verordnung \u00fcber die Verfahren und Grunds\u00e4tze zur Erf\u00fcllung der Beleuchtungspflicht erstellt. In verschiedenen Bereichen des Servicebereichs, einschlie\u00dflich [&hellip;]<\/p>\n","protected":false},"author":3,"featured_media":0,"parent":0,"menu_order":0,"comment_status":"closed","ping_status":"closed","template":"","meta":{"_et_pb_use_builder":"on","_et_pb_old_content":"","_et_gb_content_width":"","footnotes":""},"class_list":["post-901","page","type-page","status-publish","hentry"],"_links":{"self":[{"href":"https:\/\/www.zenaresort.com.tr\/de\/wp-json\/wp\/v2\/pages\/901","targetHints":{"allow":["GET"]}}],"collection":[{"href":"https:\/\/www.zenaresort.com.tr\/de\/wp-json\/wp\/v2\/pages"}],"about":[{"href":"https:\/\/www.zenaresort.com.tr\/de\/wp-json\/wp\/v2\/types\/page"}],"author":[{"embeddable":true,"href":"https:\/\/www.zenaresort.com.tr\/de\/wp-json\/wp\/v2\/users\/3"}],"replies":[{"embeddable":true,"href":"https:\/\/www.zenaresort.com.tr\/de\/wp-json\/wp\/v2\/comments?post=901"}],"version-history":[{"count":1,"href":"https:\/\/www.zenaresort.com.tr\/de\/wp-json\/wp\/v2\/pages\/901\/revisions"}],"predecessor-version":[{"id":3118,"href":"https:\/\/www.zenaresort.com.tr\/de\/wp-json\/wp\/v2\/pages\/901\/revisions\/3118"}],"wp:attachment":[{"href":"https:\/\/www.zenaresort.com.tr\/de\/wp-json\/wp\/v2\/media?parent=901"}],"curies":[{"name":"wp","href":"https:\/\/api.w.org\/{rel}","templated":true}]}}