{"id":907,"date":"2025-01-09T13:11:28","date_gmt":"2025-01-09T13:11:28","guid":{"rendered":"https:\/\/www.zenaresort.com.tr\/?page_id=907"},"modified":"2025-03-12T09:56:35","modified_gmt":"2025-03-12T06:56:35","slug":"privacy-policy","status":"publish","type":"page","link":"https:\/\/www.zenaresort.com.tr\/de\/privacy-policy\/","title":{"rendered":"Privacy Policy"},"content":{"rendered":"<p>[et_pb_section fb_built=&#8220;1&#8243; custom_padding_last_edited=&#8220;on|desktop&#8220; _builder_version=&#8220;4.27.4&#8243; _module_preset=&#8220;default&#8220; use_background_color_gradient=&#8220;on&#8220; background_color_gradient_stops=&#8220;rgba(0,0,0,0.69) 0%|rgba(255,255,255,0) 51%&#8220; background_color_gradient_overlays_image=&#8220;on&#8220; background_image=&#8220;https:\/\/www.zenaresort.com.tr\/wp-content\/uploads\/2025\/02\/side-2.webp&#8220; background_enable_video_mp4=&#8220;off&#8220; height=&#8220;40vh&#8220; height_tablet=&#8220;30vh&#8220; height_phone=&#8220;20vh&#8220; height_last_edited=&#8220;on|phone&#8220; custom_margin=&#8220;0px||0px||true|false&#8220; custom_margin_tablet=&#8220;0px||0px||true|false&#8220; custom_margin_phone=&#8220;0px||0px||true|false&#8220; custom_margin_last_edited=&#8220;on|desktop&#8220; custom_padding=&#8220;0px||0px||true|false&#8220; custom_padding_tablet=&#8220;0px||0px||true|false&#8220; custom_padding_phone=&#8220;0px||0px||true|false&#8220; da_disable_devices=&#8220;off|off|off&#8220; global_colors_info=&#8220;{}&#8220; da_is_popup=&#8220;off&#8220; da_exit_intent=&#8220;off&#8220; da_has_close=&#8220;on&#8220; da_alt_close=&#8220;off&#8220; da_dark_close=&#8220;off&#8220; da_not_modal=&#8220;on&#8220; da_is_singular=&#8220;off&#8220; da_with_loader=&#8220;off&#8220; da_has_shadow=&#8220;on&#8220;][\/et_pb_section][et_pb_section fb_built=&#8220;1&#8243; _builder_version=&#8220;4.27.4&#8243; _module_preset=&#8220;default&#8220; background_color=&#8220;#f2f2f2&#8243; da_disable_devices=&#8220;off|off|off&#8220; global_colors_info=&#8220;{}&#8220; da_is_popup=&#8220;off&#8220; da_exit_intent=&#8220;off&#8220; da_has_close=&#8220;on&#8220; da_alt_close=&#8220;off&#8220; da_dark_close=&#8220;off&#8220; da_not_modal=&#8220;on&#8220; da_is_singular=&#8220;off&#8220; da_with_loader=&#8220;off&#8220; da_has_shadow=&#8220;on&#8220;][et_pb_row custom_padding_last_edited=&#8220;on|phone&#8220; _builder_version=&#8220;4.27.4&#8243; _module_preset=&#8220;default&#8220; width_tablet=&#8220;&#8220; width_phone=&#8220;85%&#8220; width_last_edited=&#8220;on|phone&#8220; max_width_tablet=&#8220;&#8220; max_width_phone=&#8220;&#8220; max_width_last_edited=&#8220;on|phone&#8220; custom_padding_tablet=&#8220;&#8220; custom_padding_phone=&#8220;0px||0px||true|false&#8220; global_colors_info=&#8220;{}&#8220;][et_pb_column type=&#8220;4_4&#8243; _builder_version=&#8220;4.27.4&#8243; _module_preset=&#8220;default&#8220; global_colors_info=&#8220;{}&#8220;][et_pb_heading title=&#8220;Unternehmens-Informationstext zur Verarbeitung personenbezogener Daten&#8220; _builder_version=&#8220;4.27.4&#8243; _module_preset=&#8220;default&#8220; title_font=&#8220;Marcellus||||||||&#8220; title_text_align=&#8220;left&#8220; title_font_size=&#8220;35px&#8220; hover_enabled=&#8220;0&#8243; title_font_size_tablet=&#8220;35px&#8220; title_font_size_phone=&#8220;30px&#8220; title_font_size_last_edited=&#8220;on|desktop&#8220; title_line_height_tablet=&#8220;&#8220; title_line_height_phone=&#8220;&#8220; title_line_height_last_edited=&#8220;on|desktop&#8220; locked=&#8220;off&#8220; global_colors_info=&#8220;{}&#8220; sticky_enabled=&#8220;0&#8243;][\/et_pb_heading][et_pb_text _builder_version=&#8220;4.27.4&#8243; _module_preset=&#8220;default&#8220; hover_enabled=&#8220;0&#8243; global_colors_info=&#8220;{}&#8220; sticky_enabled=&#8220;0&#8243;]<\/p>\n<p class=\"p3\"><b>SEED TOURISM AND HOTEL SERVICES CONSTRUCTION AND TRADE INC.<\/b><b><\/b><\/p>\n<p class=\"p3\"><b>UNTERNEHMENSRICHTLINIE ZUM SCHUTZ PERSONENBEZOGENER DATEN<\/b><b><\/b><\/p>\n<p class=\"p4\">\n<p class=\"p3\"><b>Dokumenteninformation<\/b><b><\/b><\/p>\n<p class=\"p1\">Dokumentenname: Richtlinie zum Schutz personenbezogener Daten<\/p>\n<p class=\"p1\">Dokumentenrelevanz: Der Zweck der Richtlinie zum Schutz personenbezogener Daten besteht darin, die Prozesse zum Schutz personenbezogener Daten bei der Seed Tourism and Hotel Services Construction and Trade Inc. zu planen und die anzuwendenden Prinzipien in diesem Zusammenhang festzulegen.<\/p>\n<p class=\"p4\">\n<p class=\"p1\">Ver\u00f6ffentlichungsdatum: 23.09.2020<\/p>\n<p class=\"p1\">Versionsnummer: 1<\/p>\n<p class=\"p1\">Verweis \/ Begr\u00fcndung: Gesetz Nr. 6698 zum Schutz personenbezogener Daten und andere relevante Gesetzgebungen<\/p>\n<p class=\"p1\">Genehmigungsbeh\u00f6rde: Vorstand der Seed Tourism and Hotel Services Construction and Trade Inc.<\/p>\n<p class=\"p4\">\n<p class=\"p3\"><b>SEED TOURISM AND HOTEL SERVICES CONSTRUCTION AND TRADE INC.<\/b><b><\/b><\/p>\n<p class=\"p3\"><b>UNTERNEHMENSRICHTLINIE ZUM SCHUTZ PERSONENBEZOGENER DATEN<\/b><b><\/b><\/p>\n<p class=\"p4\">\n<p class=\"p3\"><b>ZWECK<\/b><b><\/b><\/p>\n<p class=\"p1\">Jeder hat das verfassungsm\u00e4\u00dfige Recht, den Schutz der ihn betreffenden personenbezogenen Daten zu verlangen. Als Seed Tourism and Hotel Services Construction and Trade Inc. betrachten wir die Erf\u00fcllung dieses Rechts als eine unserer wichtigsten Aufgaben. Daher betonen wir, dass wir Ihre personenbezogenen Daten in \u00dcbereinstimmung mit dem Gesetz verarbeiten und sch\u00fctzen.<\/p>\n<p class=\"p1\">Diese Unternehmensrichtlinie zum Schutz personenbezogener Daten wurde aufgrund der Bedeutung des Datenschutzes erstellt und soll die Grunds\u00e4tze und Verfahren festlegen, die wir bei der Verarbeitung und dem Schutz personenbezogener Daten anwenden.<\/p>\n<p class=\"p4\">\n<p class=\"p3\"><b>GELTUNGSBEREICH<\/b><b><\/b><\/p>\n<p class=\"p1\">Die Richtlinie betrifft alle personenbezogenen Daten, die von der Seed Tourism and Hotel Services Construction and Trade Inc. verwaltet werden, einschlie\u00dflich personenbezogener Daten, die durch irgendein Mittel, sei es automatisiert oder nicht, als Teil eines Datensystems erfasst, gespeichert, aufbewahrt, ver\u00e4ndert, umgestaltet, offen gelegt, \u00fcbertragen, erlangt, zug\u00e4nglich gemacht, klassifiziert oder eingeschr\u00e4nkt werden.<\/p>\n<p class=\"p1\">Die Richtlinie gilt f\u00fcr die personenbezogenen Daten der Aktion\u00e4re, Gesch\u00e4ftsf\u00fchrer, Kunden, Mitarbeiter, Lieferantenvertreter, Mitarbeiter und Dritter der Seed Tourism and Hotel Services Construction and Trade Inc.<\/p>\n<p class=\"p1\">Die Seed Tourism and Hotel Services Construction and Trade Inc. kann die Richtlinie im Einklang mit der Gesetzgebung und den Entscheidungen der Beh\u00f6rde zum Schutz personenbezogener Daten \u00e4ndern, um einen besseren Schutz personenbezogener Daten zu gew\u00e4hrleisten.<\/p>\n<p class=\"p4\">\n<p class=\"p3\"><b>DEFINITIONEN<\/b><\/p>\n<table>\n<thead>\n<tr>\n<th>\n<p class=\"p1\"><b>Abk\u00fcrzung<\/b><\/p>\n<\/th>\n<th>\n<p class=\"p1\"><b>Definition<\/b><\/p>\n<\/th>\n<\/tr>\n<\/thead>\n<tbody>\n<tr>\n<td>\n<p class=\"p1\">Empf\u00e4ngergruppe<\/p>\n<\/td>\n<td>\n<p class=\"p1\">Die Kategorie von nat\u00fcrlichen oder juristischen Personen, an die personenbezogene Daten vom Datenverantwortlichen \u00fcbermittelt werden.<\/p>\n<\/td>\n<\/tr>\n<tr>\n<td>\n<p class=\"p1\">Einwilligung<\/p>\n<\/td>\n<td>\n<p class=\"p1\">Einwilligung, die auf der Grundlage von Informationen f\u00fcr ein bestimmtes Thema und freiwillig erteilt wird.<\/p>\n<\/td>\n<\/tr>\n<tr>\n<td>\n<p class=\"p1\">Anonymisierung<\/p>\n<\/td>\n<td>\n<p class=\"p1\">Der Prozess, durch den personenbezogene Daten so ver\u00e4ndert werden, dass sie selbst dann nicht mehr auf eine identifizierte oder identifizierbare Person zur\u00fcckgef\u00fchrt werden k\u00f6nnen, wenn sie mit anderen Daten kombiniert werden.<\/p>\n<\/td>\n<\/tr>\n<tr>\n<td>\n<p class=\"p1\">Betroffene Person<\/p>\n<\/td>\n<td>\n<p class=\"p1\">Die nat\u00fcrliche Person, deren personenbezogene Daten verarbeitet werden.<\/p>\n<\/td>\n<\/tr>\n<tr>\n<td>\n<p class=\"p1\">Relevanter Benutzer<\/p>\n<\/td>\n<td>\n<p class=\"p1\">Die Person oder Einheit, die f\u00fcr die technische Speicherung, den Schutz und die Sicherung von Daten verantwortlich ist, mit Ausnahme derjenigen, die personenbezogene Daten im Auftrag und auf Anweisung des Datenverantwortlichen verarbeiten.<\/p>\n<\/td>\n<\/tr>\n<tr>\n<td>\n<p class=\"p1\">L\u00f6schung<\/p>\n<\/td>\n<td>\n<p class=\"p1\">Der Prozess des L\u00f6schens, Vernichtens oder Anonymisierens personenbezogener Daten.<\/p>\n<\/td>\n<\/tr>\n<tr>\n<td>\n<p class=\"p1\">Gesetz \/ KVKK<\/p>\n<\/td>\n<td>\n<p class=\"p1\">Gesetz Nr. 6698 zum Schutz personenbezogener Daten.<\/p>\n<\/td>\n<\/tr>\n<tr>\n<td>\n<p class=\"p1\">Datenumgebung<\/p>\n<\/td>\n<td>\n<p class=\"p1\">Jede Umgebung, in der personenbezogene Daten verarbeitet werden, die entweder vollst\u00e4ndig oder teilweise automatisiert oder als Teil eines nicht automatisierten Datenaufzeichnungssystems erfasst wurden.<\/p>\n<\/td>\n<\/tr>\n<tr>\n<td>\n<p class=\"p1\">Personenbezogene Daten<\/p>\n<\/td>\n<td>\n<p class=\"p1\">Alle Informationen, die sich auf eine identifizierte oder identifizierbare nat\u00fcrliche Person beziehen.<\/p>\n<\/td>\n<\/tr>\n<tr>\n<td>\n<p class=\"p1\">Datenverzeichnis<\/p>\n<\/td>\n<td>\n<p class=\"p1\">Das Verzeichnis, das von den Datenverantwortlichen erstellt wurde, um ihre T\u00e4tigkeiten zur Verarbeitung personenbezogener Daten zu detaillieren, einschlie\u00dflich der Zwecke und Rechtsgrundlagen, Datenkategorien, Empf\u00e4nger, Aufbewahrungsfristen und ergriffenen Sicherheitsma\u00dfnahmen.<\/p>\n<\/td>\n<\/tr>\n<tr>\n<td>\n<p class=\"p1\">Verarbeitung personenbezogener Daten<\/p>\n<\/td>\n<td>\n<p class=\"p1\">Jede Handlung, die mit personenbezogenen Daten durchgef\u00fchrt wird, wie das Erlangen, Aufzeichnen, Speichern, \u00c4ndern, \u00dcbertragen oder Einschr\u00e4nken der Nutzung.<\/p>\n<\/td>\n<\/tr>\n<tr>\n<td>\n<p class=\"p1\">Beh\u00f6rde<\/p>\n<\/td>\n<td>\n<p class=\"p1\">Die Beh\u00f6rde f\u00fcr den Schutz personenbezogener Daten (KVKK).<\/p>\n<\/td>\n<\/tr>\n<tr>\n<td>\n<p class=\"p1\">Besondere Kategorien personenbezogener Daten<\/p>\n<\/td>\n<td>\n<p class=\"p1\">Daten, die die Rasse, Ethnizit\u00e4t, politische Meinung, philosophische \u00dcberzeugung, Religion, Konfession oder andere \u00dcberzeugungen, Mitgliedschaft in Vereinen, Gesundheit, Sexualleben, strafrechtliche Verurteilungen sowie biometrische oder genetische Daten einer Person betreffen.<\/p>\n<\/td>\n<\/tr>\n<tr>\n<td>\n<p class=\"p1\">Periodische L\u00f6schung<\/p>\n<\/td>\n<td>\n<p class=\"p1\">Das regelm\u00e4\u00dfige L\u00f6schen, Vernichten oder Anonymisieren personenbezogener Daten, wenn die Bedingungen f\u00fcr die Verarbeitung gem\u00e4\u00df dem Gesetz nicht mehr bestehen.<\/p>\n<\/td>\n<\/tr>\n<tr>\n<td>\n<p class=\"p1\">Richtlinie<\/p>\n<\/td>\n<td>\n<p class=\"p1\">Richtlinie zum Schutz personenbezogener Daten<\/p>\n<\/td>\n<\/tr>\n<tr>\n<td>\n<p class=\"p1\">Datenverarbeiter<\/p>\n<\/td>\n<td>\n<p class=\"p1\">Eine Person oder Einheit, die personenbezogene Daten im Auftrag des Datenverantwortlichen auf der Grundlage der erteilten Erm\u00e4chtigung verarbeitet.<\/p>\n<\/td>\n<\/tr>\n<tr>\n<td>\n<p class=\"p1\">Datenverantwortlicher<\/p>\n<\/td>\n<td>\n<p class=\"p1\">Die Person oder Einheit, die die Zwecke und Mittel der Verarbeitung personenbezogener Daten bestimmt und f\u00fcr die Einrichtung und Verwaltung des Datenaufzeichnungssystems verantwortlich ist.<\/p>\n<\/td>\n<\/tr>\n<\/tbody>\n<\/table>\n<p class=\"p1\"><b>ALLGEMEINE GRUNDS\u00c4TZE<\/b><b><\/b><\/p>\n<p class=\"p3\">Die Seed Tourism and Hotel Services Construction and Trade Inc. stellt sicher, dass jeder neue Gesch\u00e4ftsprozess, der die Verarbeitung personenbezogener Daten erfordert, mit den folgenden Prinzipien \u00fcbereinstimmt. Prozesse, die nicht mit diesen Grunds\u00e4tzen \u00fcbereinstimmen, werden nicht umgesetzt.<\/p>\n<p class=\"p3\">Bei der Verarbeitung personenbezogener Daten h\u00e4lt sich die Seed Tourism and Hotel Services Construction and Trade Inc. an die folgenden Prinzipien:<\/p>\n<p class=\"p3\">(I) Die Einhaltung der Gesetze und die Prinzipien der Ehrlichkeit.<\/p>\n<p class=\"p3\">(II) Sicherstellung der Genauigkeit der personenbezogenen Daten und, wenn erforderlich, deren Aktualisierung.<\/p>\n<p class=\"p3\">(III) Sicherstellung, dass der Verarbeitungszweck spezifisch, klar und legitim ist.<\/p>\n<p class=\"p3\">(IV) Sicherstellung, dass die verarbeiteten Daten relevant, auf das Notwendige beschr\u00e4nkt und in Bezug auf den Verarbeitungszweck verh\u00e4ltnism\u00e4\u00dfig sind.<\/p>\n<p class=\"p3\">(V) Die personenbezogenen Daten werden nur so lange aufbewahrt, wie es durch die relevante Gesetzgebung oder f\u00fcr den Zweck, zu dem sie gesammelt wurden, erforderlich ist. Daten werden gel\u00f6scht, wenn der Zweck nicht mehr besteht.<\/p>\n<p class=\"p2\">\n<p class=\"p1\"><b>EINGEHENDE SICHERHEITSMASSNAHMEN<\/b><b><\/b><\/p>\n<p class=\"p3\">Die Seed Tourism and Hotel Services Construction and Trade Inc. ergreift alle erforderlichen technischen und administrativen Ma\u00dfnahmen, um sicherzustellen:<\/p>\n<p class=\"p3\">(i) Dass die unbefugte Verarbeitung personenbezogener Daten verhindert wird.<\/p>\n<p class=\"p3\">(ii) Dass der unbefugte Zugang zu personenbezogenen Daten verhindert wird.<\/p>\n<p class=\"p3\">(iii) Dass der Schutz personenbezogener Daten gew\u00e4hrleistet wird.<\/p>\n<p class=\"p1\"><span class=\"s1\">5.1. <\/span><b>Technische Ma\u00dfnahmen<\/b><b><\/b><\/p>\n<p class=\"p4\"><span class=\"Apple-tab-span\"> <\/span>\u2022<span class=\"Apple-tab-span\"> <\/span>Netzwerk- und Anwendungs-Sicherheit werden aufrechterhalten.<\/p>\n<p class=\"p4\"><span class=\"Apple-tab-span\"> <\/span>\u2022<span class=\"Apple-tab-span\"> <\/span>Sicherheitsma\u00dfnahmen werden f\u00fcr die Beschaffung, Entwicklung und Wartung von Informationssystemen ergriffen.<\/p>\n<p class=\"p4\"><span class=\"Apple-tab-span\"> <\/span>\u2022<span class=\"Apple-tab-span\"> <\/span>Zugriffsprotokolle werden regelm\u00e4\u00dfig gef\u00fchrt.<\/p>\n<p class=\"p4\"><span class=\"Apple-tab-span\"> <\/span>\u2022<span class=\"Apple-tab-span\"> <\/span>Aktualisierte Antivirensysteme werden verwendet.<\/p>\n<p class=\"p4\"><span class=\"Apple-tab-span\"> <\/span>\u2022<span class=\"Apple-tab-span\"> <\/span>Firewalls werden verwendet.<\/p>\n<p class=\"p4\"><span class=\"Apple-tab-span\"> <\/span>\u2022<span class=\"Apple-tab-span\"> <\/span>Erforderliche Sicherheitsma\u00dfnahmen f\u00fcr physische Umgebungen, die personenbezogene Daten enthalten, werden ergriffen.<\/p>\n<p class=\"p4\"><span class=\"Apple-tab-span\"> <\/span>\u2022<span class=\"Apple-tab-span\"> <\/span>Sicherheit gegen externe Risiken (Brand, \u00dcberschwemmung, etc.) f\u00fcr Umgebungen mit personenbezogenen Daten wird gew\u00e4hrleistet.<\/p>\n<p class=\"p4\"><span class=\"Apple-tab-span\"> <\/span>\u2022<span class=\"Apple-tab-span\"> <\/span>Personenbezogene Daten werden gesichert und die Sicherheit der gesicherten Daten wird gew\u00e4hrleistet.<\/p>\n<p class=\"p4\"><span class=\"Apple-tab-span\"> <\/span>\u2022<span class=\"Apple-tab-span\"> <\/span>Benutzermanagement- und Berechtigungskontrollsysteme werden angewendet und \u00fcberwacht.<\/p>\n<p class=\"p4\"><span class=\"Apple-tab-span\"> <\/span>\u2022<span class=\"Apple-tab-span\"> <\/span>Protokolle werden ohne Benutzereingriff gef\u00fchrt.<\/p>\n<p class=\"p4\"><span class=\"Apple-tab-span\"> <\/span>\u2022<span class=\"Apple-tab-span\"> <\/span>Einbruchs\u00fcberwachungs- und -pr\u00e4ventionssysteme werden verwendet.<\/p>\n<p class=\"p4\"><span class=\"Apple-tab-span\"> <\/span>\u2022<span class=\"Apple-tab-span\"> <\/span>Verschl\u00fcsselung wird angewendet.<\/p>\n<p class=\"p1\"><span class=\"s1\">5.2. <\/span><b>Administrative Ma\u00dfnahmen<\/b><b><\/b><\/p>\n<p class=\"p4\"><span class=\"Apple-tab-span\"> <\/span>\u2022<span class=\"Apple-tab-span\"> <\/span>Disziplinarvorschriften mit Bestimmungen zur Datensicherheit sind f\u00fcr Mitarbeiter vorhanden.<\/p>\n<p class=\"p4\"><span class=\"Apple-tab-span\"> <\/span>\u2022<span class=\"Apple-tab-span\"> <\/span>Regelm\u00e4\u00dfige Schulungen und Sensibilisierungsma\u00dfnahmen zur Datensicherheit werden f\u00fcr Mitarbeiter durchgef\u00fchrt.<\/p>\n<p class=\"p4\"><span class=\"Apple-tab-span\"> <\/span>\u2022<span class=\"Apple-tab-span\"> <\/span>Institutionelle Richtlinien zu Zugriff, Informationssicherheit, Nutzung, Aufbewahrung und Vernichtung werden erstellt und umgesetzt.<\/p>\n<p class=\"p4\"><span class=\"Apple-tab-span\"> <\/span>\u2022<span class=\"Apple-tab-span\"> <\/span>Datenmaskierung wird angewendet, wenn erforderlich.<\/p>\n<p class=\"p4\"><span class=\"Apple-tab-span\"> <\/span>\u2022<span class=\"Apple-tab-span\"> <\/span>Vertraulichkeitsvereinbarungen werden unterzeichnet.<\/p>\n<p class=\"p4\"><span class=\"Apple-tab-span\"> <\/span>\u2022<span class=\"Apple-tab-span\"> <\/span>Eine Berechtigungsmatrix f\u00fcr Mitarbeiter wird erstellt.<\/p>\n<p class=\"p4\"><span class=\"Apple-tab-span\"> <\/span>\u2022<span class=\"Apple-tab-span\"> <\/span>Die Berechtigungen von Mitarbeitern, die ihre Position wechseln oder das Unternehmen verlassen, werden widerrufen.<\/p>\n<p class=\"p4\"><span class=\"Apple-tab-span\"> <\/span>\u2022<span class=\"Apple-tab-span\"> <\/span>Vertr\u00e4ge mit Mitarbeitern enthalten Bestimmungen zur Datensicherheit.<\/p>\n<p class=\"p4\"><span class=\"Apple-tab-span\"> <\/span>\u2022<span class=\"Apple-tab-span\"> <\/span>Richtlinien und Verfahren zur Datensicherheit werden erstellt.<\/p>\n<p class=\"p4\"><span class=\"Apple-tab-span\"> <\/span>\u2022<span class=\"Apple-tab-span\"> <\/span>Datensicherheit wird \u00fcberwacht.<\/p>\n<p class=\"p4\"><span class=\"Apple-tab-span\"> <\/span>\u2022<span class=\"Apple-tab-span\"> <\/span>Personenbezogene Daten werden so weit wie m\u00f6glich minimiert.<\/p>\n<p class=\"p4\"><span class=\"Apple-tab-span\"> <\/span>\u2022<span class=\"Apple-tab-span\"> <\/span>Regelm\u00e4\u00dfige und\/oder zuf\u00e4llige interne Audits werden durchgef\u00fchrt.<\/p>\n<p class=\"p4\"><span class=\"Apple-tab-span\"> <\/span>\u2022<span class=\"Apple-tab-span\"> <\/span>Aktuelle Risiken und Bedrohungen werden identifiziert.<\/p>\n<p class=\"p4\"><span class=\"Apple-tab-span\"> <\/span>\u2022<span class=\"Apple-tab-span\"> <\/span>Protokolle und Verfahren f\u00fcr die Sicherheit spezieller Kategorien personenbezogener Daten werden erstellt und umgesetzt.<\/p>\n<p class=\"p2\">\n<p class=\"p1\"><b>RECHTE DER BETROFFENEN PERSONEN BEZ\u00dcGLICH PERSONENBEZOGENER DATEN<\/b><b><\/b><\/p>\n<p class=\"p3\">Die betroffene Person kann von der Seed Tourism and Hotel Services Construction and Trade Inc. folgendes verlangen:<\/p>\n<p class=\"p4\"><span class=\"Apple-tab-span\"> <\/span>\u2022<span class=\"Apple-tab-span\"> <\/span>Erfahren, ob ihre personenbezogenen Daten verarbeitet werden.<\/p>\n<p class=\"p4\"><span class=\"Apple-tab-span\"> <\/span>\u2022<span class=\"Apple-tab-span\"> <\/span>Informationen anfordern, wenn ihre personenbezogenen Daten verarbeitet wurden.<\/p>\n<p class=\"p4\"><span class=\"Apple-tab-span\"> <\/span>\u2022<span class=\"Apple-tab-span\"> <\/span>Den Zweck der Verarbeitung ihrer personenbezogenen Daten erfahren und ob diese zweckgerecht verwendet werden.<\/p>\n<p class=\"p4\"><span class=\"Apple-tab-span\"> <\/span>\u2022<span class=\"Apple-tab-span\"> <\/span>Informationen \u00fcber die Dritten, an die ihre personenbezogenen Daten sowohl im Inland als auch international \u00fcbertragen wurden, einholen.<\/p>\n<p class=\"p4\"><span class=\"Apple-tab-span\"> <\/span>\u2022<span class=\"Apple-tab-span\"> <\/span>Korrektur falscher oder unvollst\u00e4ndiger personenbezogener Daten verlangen und die Korrektur an Dritte weitergeben lassen.<\/p>\n<p class=\"p4\"><span class=\"Apple-tab-span\"> <\/span>\u2022<span class=\"Apple-tab-span\"> <\/span>Die L\u00f6schung, Vernichtung oder Anonymisierung ihrer personenbezogenen Daten verlangen, wenn die Gr\u00fcnde f\u00fcr die Verarbeitung nicht mehr bestehen, und verlangen, dass diese Aktion an Dritte weitergegeben wird.<\/p>\n<p class=\"p4\"><span class=\"Apple-tab-span\"> <\/span>\u2022<span class=\"Apple-tab-span\"> <\/span>Widerspruch gegen Ergebnisse einlegen, die ausschlie\u00dflich durch automatisierte Datenverarbeitung entstehen und sie negativ beeinflussen.<\/p>\n<p class=\"p4\"><span class=\"Apple-tab-span\"> <\/span>\u2022<span class=\"Apple-tab-span\"> <\/span>Entsch\u00e4digung f\u00fcr Sch\u00e4den fordern, die durch die unrechtm\u00e4\u00dfige Verarbeitung ihrer personenbezogenen Daten verursacht wurden.<\/p>\n<p class=\"p2\">\n<p class=\"p1\"><b>MELDUNGEN ZU VERLETZUNGEN<\/b><b><\/b><\/p>\n<p class=\"p3\">Mitarbeiter der Seed Tourism and Hotel Services Construction and Trade Inc. melden alle Handlungen, Ereignisse oder Situationen, die ihrer Ansicht nach gegen die Bestimmungen der KVKK und\/oder die Richtlinie versto\u00dfen, an die Gesch\u00e4ftsf\u00fchrung. Falls erforderlich, tritt der Ausschuss zusammen und erstellt einen Aktionsplan f\u00fcr den Versto\u00df.<\/p>\n<p class=\"p3\">Tritt ein Versto\u00df durch unrechtm\u00e4\u00dfigen Erwerb personenbezogener Daten auf, wird die Gesch\u00e4ftsf\u00fchrung die betroffene Person und die Beh\u00f6rde innerhalb von 72 Stunden gem\u00e4\u00df der Entscheidung der Personal-Daten-Schutzbeh\u00f6rde vom 24.01.2019, Nr. 2019\/10, benachrichtigen.<\/p>\n<p class=\"p2\">\n<p class=\"p1\"><b>\u00c4NDERUNGEN<\/b><b><\/b><\/p>\n<p class=\"p3\">\u00c4nderungen an der Richtlinie werden vom Vorstand erstellt. Die aktualisierte Richtlinie kann den Mitarbeitern per E-Mail zugesandt oder auf der Website des Unternehmens ver\u00f6ffentlicht werden.<\/p>\n<p class=\"p2\">\n<p class=\"p1\"><b>INKRAFTTRETEN<\/b><b><\/b><\/p>\n<p class=\"p3\">Diese Version der Richtlinie wurde vom Vorstand am 23.09.2020 genehmigt und tritt in Kraft.<\/p>\n<p>[\/et_pb_text][\/et_pb_column][\/et_pb_row][\/et_pb_section]<\/p>\n","protected":false},"excerpt":{"rendered":"<p>SEED TOURISM AND HOTEL SERVICES CONSTRUCTION AND TRADE INC. UNTERNEHMENSRICHTLINIE ZUM SCHUTZ PERSONENBEZOGENER DATEN Dokumenteninformation Dokumentenname: Richtlinie zum Schutz personenbezogener Daten Dokumentenrelevanz: Der Zweck der Richtlinie zum Schutz personenbezogener Daten besteht darin, die Prozesse zum Schutz personenbezogener Daten bei der Seed Tourism and Hotel Services Construction and Trade Inc. zu planen und die anzuwendenden Prinzipien [&hellip;]<\/p>\n","protected":false},"author":3,"featured_media":0,"parent":0,"menu_order":0,"comment_status":"closed","ping_status":"closed","template":"","meta":{"_et_pb_use_builder":"on","_et_pb_old_content":"","_et_gb_content_width":"","footnotes":""},"class_list":["post-907","page","type-page","status-publish","hentry"],"_links":{"self":[{"href":"https:\/\/www.zenaresort.com.tr\/de\/wp-json\/wp\/v2\/pages\/907","targetHints":{"allow":["GET"]}}],"collection":[{"href":"https:\/\/www.zenaresort.com.tr\/de\/wp-json\/wp\/v2\/pages"}],"about":[{"href":"https:\/\/www.zenaresort.com.tr\/de\/wp-json\/wp\/v2\/types\/page"}],"author":[{"embeddable":true,"href":"https:\/\/www.zenaresort.com.tr\/de\/wp-json\/wp\/v2\/users\/3"}],"replies":[{"embeddable":true,"href":"https:\/\/www.zenaresort.com.tr\/de\/wp-json\/wp\/v2\/comments?post=907"}],"version-history":[{"count":2,"href":"https:\/\/www.zenaresort.com.tr\/de\/wp-json\/wp\/v2\/pages\/907\/revisions"}],"predecessor-version":[{"id":3122,"href":"https:\/\/www.zenaresort.com.tr\/de\/wp-json\/wp\/v2\/pages\/907\/revisions\/3122"}],"wp:attachment":[{"href":"https:\/\/www.zenaresort.com.tr\/de\/wp-json\/wp\/v2\/media?parent=907"}],"curies":[{"name":"wp","href":"https:\/\/api.w.org\/{rel}","templated":true}]}}